{"id":3,"date":"2021-07-05T12:09:43","date_gmt":"2021-07-05T10:09:43","guid":{"rendered":"http:\/\/localicoco.fr\/agora\/?page_id=3"},"modified":"2021-07-26T16:17:28","modified_gmt":"2021-07-26T14:17:28","slug":"politique-de-confidentialite","status":"publish","type":"page","link":"http:\/\/localicoco.fr\/agora\/politique-de-confidentialite\/","title":{"rendered":"Politique de confidentialit\u00e9"},"content":{"rendered":"<h2><strong>1. Qui sommes-nous&nbsp;? <\/strong><\/h2>\n<p>Les sites internet http:\/\/localicoco.fr\/ et http:\/\/localicoco.fr\/agora sont op\u00e9r\u00e9s par l&rsquo;association loi 1901 Localicoco. Domiciliation : 14, rue de Cherbourg&nbsp; &#8211; 50340 Les Pieux.<\/p>\n<p>ayant la qualit\u00e9 de responsable de traitement au sens de la r\u00e9glementation en mati\u00e8re de donn\u00e9es personnelles, notamment le r\u00e8glement (UE) g\u00e9n\u00e9ral n\u00b02016-679 sur la Protection des Donn\u00e9es personnelles des personnes physiques (RGPD).<\/p>\n<h2><strong>2. Quelles sont les donn\u00e9es personnelles trait\u00e9es ? <\/strong><\/h2>\n<p>Les donn\u00e9es personnelles vous concernant collect\u00e9es et trait\u00e9es sont principalement, selon les services du Site utilis\u00e9s : vos nom, pr\u00e9nom, adresse email.<\/p>\n<p>Nous vous rappelons que l\u2019acc\u00e8s \u00e0 ces sites n\u00e9cessite l\u2019acceptation par vous de leurs conditions g\u00e9n\u00e9rales d&rsquo;utilisation, comportant des dispositions relatives \u00e0 la r\u00e8glementation sur les donn\u00e9es personnelles pour les traitements effectu\u00e9s par eux, aussi nous leur demandons d&rsquo;obtenir vos accords avant d&rsquo;utiliser vos donn\u00e9es.<\/p>\n<\/p>\n<h2><strong>3. Comment collectons-nous vos donn\u00e9es personnelles ?<\/strong><\/h2>\n<p>Ces donn\u00e9es sont collect\u00e9es sur la base de votre consentement : &#8211; directement depuis la page d&rsquo;inscription du site http:\/\/localicoco.fr\/agora<\/p>\n<p>Chaque profil est v\u00e9rifier par une adh\u00e9sion physique \u00e0 l&rsquo;association. Nous faisons notre maximum pour lutter contre la fraude et la cr\u00e9ation de faux profil, cependant nous n&rsquo;en garantissons pas le succ\u00e8s \u00e0 100%.<\/p>\n<h2><strong>4. Pourquoi collectons-nous vos donn\u00e9es personnelles ?<\/strong><\/h2>\n<p>Vos donn\u00e9es sont collect\u00e9es afin de :<\/p>\n<p>Proc\u00e9der \u00e0 la cr\u00e9ation et la gestion de votre compte utilisateur; Vous permettre de commenter les publications de l&rsquo;agora Participez et utiliser les services interactifs;<\/p>\n<p>Les donn\u00e9es indispensables \u00e0 Localicoco pour remplir les finalit\u00e9s d\u00e9crites ci-dessus sont signal\u00e9es par un ast\u00e9risque dans les diff\u00e9rentes pages du site. Si vous ne renseignez pas ces champs obligatoires Localicoco ne pourra pas r\u00e9pondre \u00e0 vos demandes et\/ou vous fournir les services demand\u00e9s.&nbsp;<\/p>\n<h2><strong>5. A qui transmettons-nous vos donn\u00e9es personnelles ?<\/strong><\/h2>\n<p>Vos donn\u00e9es sont trait\u00e9es par Localicoco. Elles ne seront c\u00e9d\u00e9es ou rendues accessibles \u00e0 aucun tiers sous r\u00e9serve (i) des sous-traitants \u00e9ventuels des Localicoco pour des raisons exclusivement techniques et logistiques (prestataires d\u2019h\u00e9bergement et de maintenance du Site, prestataires de paiement et de gestion de la fraude, mod\u00e9rateurs, prestataires de gestion de bases de donn\u00e9es).<\/p>\n<p>Vos donn\u00e9es pourront \u00eatre utilis\u00e9es \u00e0 des fins d\u2019envoi d\u2019informations sur les actualit\u00e9s de Localicoco. Le prestataire routeur d\u2019emailing que nous auront choisi peut donc \u00eatre destinataires de vos donn\u00e9es, si vous y avez consenti \u00e0 la cr\u00e9ation de votre profil. Enfin, l&rsquo;association Localicoco pourra \u00eatre amen\u00e9e \u00e0 communiquer \u00e0 des tiers vos donn\u00e9es lorsqu\u2019une telle communication est requise par la loi, une disposition r\u00e9glementaire ou une d\u00e9cision judiciaire, ou si cette communication est n\u00e9cessaire pour assurer la protection et la d\u00e9fense de ses droits.<\/p>\n<h2><strong>6. Transferts de donn\u00e9es hors Union Europ\u00e9enne <\/strong><\/h2>\n<p>Les destinataires de vos donn\u00e9es peuvent se situer \u00e0 l\u2019\u00e9tranger, y compris en dehors de l\u2019espace \u00e9conomique europ\u00e9en. Tout transfert de vos donn\u00e9es en dehors de l\u2019espace \u00e9conomique europ\u00e9en est effectu\u00e9 moyennant des garanties appropri\u00e9es, notamment contractuelles, en conformit\u00e9 avec la r\u00e9glementation applicable en mati\u00e8re de protection des donn\u00e9es personnelles.<\/p>\n<h2><strong>7. Quels sont vos droits ?<\/strong><\/h2>\n<p>Conform\u00e9ment \u00e0 la r\u00e8glementation en vigueur, vous disposez d\u2019un droit d&rsquo;acc\u00e8s et de rectification de vos donn\u00e9es, ainsi que de celui d\u2019en demander l\u2019effacement, de vous opposer \u00e0 leur traitement et d\u2019en obtenir la limitation ou la portabilit\u00e9 dans la mesure o\u00f9 cela est applicable.<\/p>\n<p>Ces droits peuvent \u00eatre exerc\u00e9s directement aupr\u00e8s de l&rsquo;association Localicoco par courrier \u00e9lectronique \u00e0 l\u2019adresse <a href=\"mailto:localicoco@hogamail.fr\">localicoco@hogamail.fr<\/a>.<\/p>\n<p>Un justificatif d\u2019identit\u00e9 pourra vous \u00eatre demand\u00e9. Par ailleurs, vous pouvez \u00e0 tout moment demander \u00e0 ne plus recevoir nos communications relatives \u00e0 nos actualit\u00e9s et \u00e9v\u00e8nements en nous retournant un message \u00e0 l&rsquo;adresse <a href=\"mailto:localicoco@hogamail.fr\">localicoco@hogamail.fr<\/a>.<\/p>\n<p>Vous pouvez \u00e9galement nous joindre&nbsp; \u00e0 l&rsquo;adresse postale : C2A 14 route de Cherbourg &#8211; 50340 Les Pieux.<\/p>\n<h2><strong>8. Combien de temps conservons-nous vos donn\u00e9es personnelles ?<\/strong><\/h2>\n<p>Les donn\u00e9es relatives \u00e0 la cr\u00e9ation de votre compte utilisateurs seront conserv\u00e9es par Localicoco pour une dur\u00e9e n\u2019exc\u00e9dant pas les d\u00e9lais de prescription l\u00e9gale applicables, soit 5 ans \u00e0 compter de la fin de la relation contractuelle ou de l\u2019inactivit\u00e9 de votre compte utilisateur.<\/p>\n<p>A l\u2019issue de cette dur\u00e9e, ces donn\u00e9es feront l\u2019objet d\u2019un archivage \u00e0 des fins comptables et probatoires pendant les d\u00e9lais de prescription pr\u00e9cit\u00e9s ou&nbsp; seront d\u00e9truites si lesdits d\u00e9lais ont expir\u00e9.<\/p>\n<p>Les donn\u00e9es utilis\u00e9es \u00e0 des fins d\u2019envoi de communications relatives aux actualit\u00e9s et \u00e9v\u00e8nements propos\u00e9s par Localicoco seront conserv\u00e9es pendant un d\u00e9lai de trois (3) ans \u00e0 compter de leur collecte ou de votre dernier contact avec Localicoco.<\/p>\n<p>Au terme de ce d\u00e9lai, Localicoco pourra reprendre contact avec vous afin de savoir si vous souhaitez continuer \u00e0 recevoir nos communications relatives \u00e0 nos offres, actualit\u00e9s et \u00e9v\u00e8nements.<\/p>\n<p>Vos donn\u00e9es seront en outre d\u00e9truites dans les plus brefs d\u00e9lais \u00e0 compter de votre demande de d\u00e9sinscription.<\/p>\n<p>Enfin, les logs de connexion collect\u00e9s, sous r\u00e9serve de votre accord, dans le cadre des cookies et autres traceurs mis en place sur notre site, seront conserv\u00e9s conform\u00e9ment \u00e0 la r\u00e9glementation applicable pour une dur\u00e9e n\u2019exc\u00e9dant pas treize (13) mois.&nbsp;<\/p>\n<h2><strong>9. Coordonn\u00e9es du d\u00e9l\u00e9gu\u00e9 \u00e0 la protection des donn\u00e9es (DPO) et droit d&rsquo;introduire une r\u00e9clamation <\/strong><\/h2>\n<p>Pour toute question en lien avec la collecte et le traitement de vos donn\u00e9es par Localicoco, vous pouvez nous contacter par email&nbsp; \u00e0 l\u2019adresse suivante info localicoco@hogamail.fr.<\/p>\n<p>Vous disposez \u00e9galement du droit de saisir la Commission Nationale de l\u2019Informatique et des Libert\u00e9s (CNIL), 3 Place de Fontenoy &#8211; TSA 80715 &#8211; 75334 PARIS CEDEX 07, de toute r\u00e9clamation se rapportant \u00e0 la mani\u00e8re dont Localicoco collecte et traite vos donn\u00e9es.<\/p>\n<p>Cette politique de confidentialit\u00e9 a \u00e9t\u00e9 reprise et modifi\u00e9 \u00e0 partir de celle du site colibris.fr. Merci \u00e0 eux.<\/p>\n","protected":false},"excerpt":{"rendered":"<p>1. Qui sommes-nous&nbsp;? Les sites internet http:\/\/localicoco.fr\/ et http:\/\/localicoco.fr\/agora sont op\u00e9r\u00e9s par l&rsquo;association loi 1901 Localicoco. Domiciliation : 14, rue de Cherbourg&nbsp; &#8211; 50340 Les Pieux. ayant la qualit\u00e9 de responsable de traitement au sens de la r\u00e9glementation en mati\u00e8re de donn\u00e9es personnelles, notamment le r\u00e8glement (UE) g\u00e9n\u00e9ral n\u00b02016-679 sur la Protection des Donn\u00e9es personnelles [&hellip;]<\/p>\n","protected":false},"author":1,"featured_media":0,"parent":0,"menu_order":0,"comment_status":"closed","ping_status":"open","template":"","meta":{"_bbp_topic_count":0,"_bbp_reply_count":0,"_bbp_total_topic_count":0,"_bbp_total_reply_count":0,"_bbp_voice_count":0,"_bbp_anonymous_reply_count":0,"_bbp_topic_count_hidden":0,"_bbp_reply_count_hidden":0,"_bbp_forum_subforum_count":0,"footnotes":""},"class_list":["post-3","page","type-page","status-publish","hentry","entry"],"_links":{"self":[{"href":"http:\/\/localicoco.fr\/agora\/wp-json\/wp\/v2\/pages\/3","targetHints":{"allow":["GET"]}}],"collection":[{"href":"http:\/\/localicoco.fr\/agora\/wp-json\/wp\/v2\/pages"}],"about":[{"href":"http:\/\/localicoco.fr\/agora\/wp-json\/wp\/v2\/types\/page"}],"author":[{"embeddable":true,"href":"http:\/\/localicoco.fr\/agora\/wp-json\/wp\/v2\/users\/1"}],"replies":[{"embeddable":true,"href":"http:\/\/localicoco.fr\/agora\/wp-json\/wp\/v2\/comments?post=3"}],"version-history":[{"count":9,"href":"http:\/\/localicoco.fr\/agora\/wp-json\/wp\/v2\/pages\/3\/revisions"}],"predecessor-version":[{"id":981,"href":"http:\/\/localicoco.fr\/agora\/wp-json\/wp\/v2\/pages\/3\/revisions\/981"}],"wp:attachment":[{"href":"http:\/\/localicoco.fr\/agora\/wp-json\/wp\/v2\/media?parent=3"}],"curies":[{"name":"wp","href":"https:\/\/api.w.org\/{rel}","templated":true}]}}