{"id":809,"date":"2021-07-24T12:23:09","date_gmt":"2021-07-24T10:23:09","guid":{"rendered":"http:\/\/localicoco.fr\/agora\/?page_id=809"},"modified":"2021-12-20T15:02:20","modified_gmt":"2021-12-20T14:02:20","slug":"index","status":"publish","type":"page","link":"http:\/\/localicoco.fr\/agora\/","title":{"rendered":"Index_forum"},"content":{"rendered":"\n<pre class=\"wp-block-preformatted accueil_log_out\" style=\"font-size:1em\"><strong>Ce forum est r\u00e9serv\u00e9 aux adh\u00e9rents<\/strong>. Votre inscription ne sera valid\u00e9e que si vous avez au pr\u00e9alable adh\u00e9r\u00e9 \u00e0 notre association.\n\nNous aimons les rencontres :-)\u00a0. En g\u00e9n\u00e9ral pour vous inscrire, il faudra venir \u00e0 un de nos \u00e9v\u00e9nements. Sur demande particuli\u00e8re nous pouvons le faire \u00e0 distance. Vous pouvez nous \u00e9crire \u00e0 :\u00a0<a rel=\"noreferrer noopener\" href=\"mailto:localicoco@hogamail.fr\" target=\"_blank\">localicoco@hogamail.fr<\/a>\n\nSi vous \u00eates ou avez \u00e9t\u00e9 adh\u00e9rent\u2e31e (Pas grave si vous n\u2019\u00eates pas \u00e0 jour\u00a0;-) ), vous pouvez vous inscrire afin que nous v\u00e9rifions votre adh\u00e9sion.\n\n<strong>Votre compte agora ne fonctionnera pas tout de suite, il faudra attendre la v\u00e9rification et validation manuelle de votre profil.<\/strong> \n\nCliquez simplement <strong><a href=\"http:\/\/localicoco.fr\/agora\/inscription\/\" data-type=\"URL\" data-id=\"http:\/\/localicoco.fr\/agora\/inscription\/\">ici<\/a><\/strong> ou sur \"S'inscrire\" \u00e0 cot\u00e9 du bouton connexion.\n\nAfin de\u00a0<strong>faciliter la communication sur le forum<\/strong>, merci d\u2019indiquer de pr\u00e9f\u00e9rence un identifiant\u00a0<strong>\u00e0 minima avec votre pr\u00e9nom.<\/strong>\u00a0Il est un peu compliqu\u00e9 de mettre un visage sur un pseudonyme comme TigrouSmash ou Unicorn2.0.\u00a0;-)<\/pre>\n\n\n\n\n<div id=\"bbpress-forums\" class=\"bbpress-wrapper\">\n\n\t\n\t<div class=\"bbp-search-form\">\n\t\t<form role=\"search\" method=\"get\" id=\"bbp-search-form\">\n\t\t\t<div>\n\t\t\t\t<label class=\"screen-reader-text hidden\" for=\"bbp_search\">Rechercher<\/label>\n\t\t\t\t<input type=\"hidden\" name=\"action\" value=\"bbp-search-request\" \/>\n\t\t\t\t<input type=\"text\" value=\"\" name=\"bbp_search\" id=\"bbp_search\" \/>\n\t\t\t\t<input class=\"button\" type=\"submit\" id=\"bbp_search_submit\" value=\"Rechercher\" \/>\n\t\t\t<\/div>\n\t\t<\/form>\n\t<\/div>\n\n\n\t<div class=\"bbp-breadcrumb\"><p><a href=\"http:\/\/localicoco.fr\/agora\" class=\"bbp-breadcrumb-home\"><span class=\"bsp-home-icon\"><\/span><\/a> <span class=\"bbp-breadcrumb-sep\">&rsaquo;<\/span> <span class=\"bbp-breadcrumb-current\">Forums<\/span><\/p><\/div>\n\t\n\t\n\t\n\t\t\r\n\r\n\t\t\t\t\t\t\t\r\n\t\t\t\r\n\t\t\t\r\n\t\t\t<ul id=\"forums-list-1702\" class=\"bbp-forums bsp-template1\">\r\n\r\n\t\t\t\t<li class=\"bbp-header\">\r\n\r\n\t\t\t\t\t<ul class=\"forum-titles\">\r\n\t\t\t\t\t\t<li class=\"bbp-forum-info\"><a class=\"bbp-forum-name bsp-forum-name\" href=\"http:\/\/localicoco.fr\/agora\/forums\/forum\/bienvenue\/\">Bienvenue !<\/a><\/li>\r\n\t\t\t\t\t\t<li class=\"bbp-forum-topic-count\">Sujets<\/li>\r\n\t\t\t\t\t\t<li class=\"bbp-forum-reply-count\">Messages<\/li>\r\n\t\t\t\t\t\t<li class=\"bbp-forum-freshness\">Derni\u00e8re activit\u00e9<\/li>\r\n\t\t\t\t\t<\/ul>\r\n\r\n\t\t\t\t<\/li><!-- .bbp-header -->\r\n\r\n\t\t\t<li class=\"bbp-body\">\r\n\t\r\n\n<ul id=\"bbp-forum-54\" class=\"loop-item-0 bbp-forum-status-open bbp-forum-visibility-publish odd  bbp-parent-forum-1702 post-54 forum type-forum status-publish hentry entry\">\n\t<li class=\"bbp-forum-info\">\n\n\t\t\n\t\t\n\t\t<a class=\"bbp-forum-title\" href=\"http:\/\/localicoco.fr\/agora\/forums\/forum\/bienvenue\/comment-rejoindre-localicoco\/\">Aide &#038; FAQ<\/a>\n\n\t\t\n\t\t\n\t\t<div class=\"bbp-forum-content\">Comment rejoindre Localicoco ? Comment rejoindre son forum ? Comment naviguer sereinement sur l'Agora ? Certainement ici la r\u00e9ponse \u00e0 votre interrogation.<\/div>\n\n\t\t\n\t\t\n\t\t\n\t\t\n\t\t\n\t<\/li>\n\n\t<li class=\"bbp-forum-topic-count\">3<\/li>\n\n\t<li class=\"bbp-forum-reply-count\">3<\/li>\n\n\t<li class=\"bbp-forum-freshness\">\n\n\t\t\n\t\t<a href=\"http:\/\/localicoco.fr\/agora\/forums\/sujet\/aide-sur-le-forum\/\" title=\"Aide sur le forum\">il y a 4 ann\u00e9es et 9 mois<\/a>\n\t\t\n\t\t<p class=\"bbp-topic-meta\">\n\n\t\t\t\n\t\t\t<span class=\"bbp-topic-freshness-author\"><a href=\"http:\/\/localicoco.fr\/agora\/membres\/localicoco_agora\/\" title=\"Voir le profil de Localicoco Agora\" class=\"bbp-author-link\"><span  class=\"bbp-author-name\">Localicoco Agora<\/span><\/a><\/span>\n\n\t\t\t\n\t\t<\/p>\n\t<\/li>\n<\/ul><!-- #bbp-forum-54 -->\n\n<ul id=\"bbp-forum-209\" class=\"loop-item-1 bbp-forum-status-open bbp-forum-visibility-publish even  bbp-parent-forum-1702 post-209 forum type-forum status-publish hentry entry\">\n\t<li class=\"bbp-forum-info\">\n\n\t\t\n\t\t\n\t\t<a class=\"bbp-forum-title\" href=\"http:\/\/localicoco.fr\/agora\/forums\/forum\/bienvenue\/les-guides-organisationnels-de-localicoco\/\">Les guides organisationnels de Localicoco<\/a>\n\n\t\t\n\t\t\n\t\t<div class=\"bbp-forum-content\">Comment cr\u00e9er une activit\u00e9 ? Comment tenir le bar du caf\u00e9 asso ? etc.<\/div>\n\n\t\t\n\t\t\n\t\t\n\t\t\n\t\t\n\t<\/li>\n\n\t<li class=\"bbp-forum-topic-count\">1<\/li>\n\n\t<li class=\"bbp-forum-reply-count\">1<\/li>\n\n\t<li class=\"bbp-forum-freshness\">\n\n\t\t\n\t\t<a href=\"http:\/\/localicoco.fr\/agora\/forums\/sujet\/comment-creer-une-activite-2\/\" title=\"Comment cr\u00e9er une activit\u00e9\">il y a 4 ann\u00e9es et 7 mois<\/a>\n\t\t\n\t\t<p class=\"bbp-topic-meta\">\n\n\t\t\t\n\t\t\t<span class=\"bbp-topic-freshness-author\"><a href=\"http:\/\/localicoco.fr\/agora\/membres\/flocal\/\" title=\"Voir le profil de Florence\" class=\"bbp-author-link\"><span  class=\"bbp-author-name\">Florence<\/span><\/a><\/span>\n\n\t\t\t\n\t\t<\/p>\n\t<\/li>\n<\/ul><!-- #bbp-forum-209 -->\n\r\n\t\t\t<\/li><!-- .bbp-body -->\r\n\r\n\r\n\t\t\t<li class=\"bbp-footer\">\r\n\r\n\t\t\t\t<div class=\"bsp-footer\">\r\n\t\t\t\t\t<p class=\"bsp-footer2\">&nbsp;<\/p>\r\n\t\t\t\t<\/div><!-- .bsp-footer -->\r\n\r\n\t\t\t<\/li><!-- .bbp-footer -->\r\n\r\n\t\t<\/ul><!-- .forums-directory -->\r\n\r\n\t\t\t\t\t\t\t\r\n\t\t\t\r\n\t\t\t\r\n\t\t\t<ul id=\"forums-list-201\" class=\"bbp-forums bsp-template1\">\r\n\r\n\t\t\t\t<li class=\"bbp-header\">\r\n\r\n\t\t\t\t\t<ul class=\"forum-titles\">\r\n\t\t\t\t\t\t<li class=\"bbp-forum-info\"><a class=\"bbp-forum-name bsp-forum-name\" href=\"http:\/\/localicoco.fr\/agora\/forums\/forum\/annonces-publiques\/\">Annonces Publiques<\/a><\/li>\r\n\t\t\t\t\t\t<li class=\"bbp-forum-topic-count\">Sujets<\/li>\r\n\t\t\t\t\t\t<li class=\"bbp-forum-reply-count\">Messages<\/li>\r\n\t\t\t\t\t\t<li class=\"bbp-forum-freshness\">Derni\u00e8re activit\u00e9<\/li>\r\n\t\t\t\t\t<\/ul>\r\n\r\n\t\t\t\t<\/li><!-- .bbp-header -->\r\n\r\n\t\t\t<li class=\"bbp-body\">\r\n\t\r\n\n<ul id=\"bbp-forum-1546\" class=\"loop-item-0 bbp-forum-status-open bbp-forum-visibility-publish odd  bbp-parent-forum-201 post-1546 forum type-forum status-publish hentry entry\">\n\t<li class=\"bbp-forum-info\">\n\n\t\t\n\t\t\n\t\t<a class=\"bbp-forum-title\" href=\"http:\/\/localicoco.fr\/agora\/forums\/forum\/annonces-publiques\/evenements-partenaires\/\">Ev\u00e8nements partenaires<\/a>\n\n\t\t\n\t\t\n\t\t<div class=\"bbp-forum-content\">Vous pourrez venir d\u00e9poser ici les \u00e9v\u00e9nements organis\u00e9s par d'autres structures que Localicoco. Nous nous r\u00e9servons le droit de les retirer si c'est \u00e0 but commercial et\/ou pas en accord avec les principes de l'association. Merci \ud83d\ude42<\/div>\n\n\t\t\n\t\t\n\t\t\n\t\t\n\t\t\n\t<\/li>\n\n\t<li class=\"bbp-forum-topic-count\">9<\/li>\n\n\t<li class=\"bbp-forum-reply-count\">11<\/li>\n\n\t<li class=\"bbp-forum-freshness\">\n\n\t\t\n\t\t<a href=\"http:\/\/localicoco.fr\/agora\/forums\/sujet\/rassemblemnt-paix-en-ukraine\/\" title=\"Rassemblemnt paix en Ukraine\">il y a 4 ann\u00e9es et 1 mois<\/a>\n\t\t\n\t\t<p class=\"bbp-topic-meta\">\n\n\t\t\t\n\t\t\t<span class=\"bbp-topic-freshness-author\"><a href=\"http:\/\/localicoco.fr\/agora\/membres\/florence-lm\/\" title=\"Voir le profil de florence\" class=\"bbp-author-link\"><span  class=\"bbp-author-name\">florence<\/span><\/a><\/span>\n\n\t\t\t\n\t\t<\/p>\n\t<\/li>\n<\/ul><!-- #bbp-forum-1546 -->\n\n<ul id=\"bbp-forum-203\" class=\"loop-item-1 bbp-forum-status-closed bbp-forum-visibility-publish even  bbp-parent-forum-201 post-203 forum type-forum status-publish hentry entry\">\n\t<li class=\"bbp-forum-info\">\n\n\t\t\n\t\t\n\t\t<a class=\"bbp-forum-title\" href=\"http:\/\/localicoco.fr\/agora\/forums\/forum\/annonces-publiques\/appels-a-competences\/\">Appels \u00e0 comp\u00e9tences<\/a>\n\n\t\t\n\t\t\n\t\t<div class=\"bbp-forum-content\">Rejoindre et \u0153uvrer ensemble en connaissant les besoins du collectif.<\/div>\n\n\t\t\n\t\t\n\t\t\n\t\t\n\t\t\n\t<\/li>\n\n\t<li class=\"bbp-forum-topic-count\">1<\/li>\n\n\t<li class=\"bbp-forum-reply-count\">1<\/li>\n\n\t<li class=\"bbp-forum-freshness\">\n\n\t\t\n\t\t<a href=\"http:\/\/localicoco.fr\/agora\/forums\/sujet\/emailing-liste-de-diffusion-publipostage\/\" title=\"Emailing : Liste de diffusion publipostage\">il y a 4 ann\u00e9es et 9 mois<\/a>\n\t\t\n\t\t<p class=\"bbp-topic-meta\">\n\n\t\t\t\n\t\t\t<span class=\"bbp-topic-freshness-author\"><a href=\"http:\/\/localicoco.fr\/agora\/membres\/localicoco_agora\/\" title=\"Voir le profil de Localicoco Agora\" class=\"bbp-author-link\"><span  class=\"bbp-author-name\">Localicoco Agora<\/span><\/a><\/span>\n\n\t\t\t\n\t\t<\/p>\n\t<\/li>\n<\/ul><!-- #bbp-forum-203 -->\n\r\n\t\t\t<\/li><!-- .bbp-body -->\r\n\r\n\r\n\t\t\t<li class=\"bbp-footer\">\r\n\r\n\t\t\t\t<div class=\"bsp-footer\">\r\n\t\t\t\t\t<p class=\"bsp-footer2\">&nbsp;<\/p>\r\n\t\t\t\t<\/div><!-- .bsp-footer -->\r\n\r\n\t\t\t<\/li><!-- .bbp-footer -->\r\n\r\n\t\t<\/ul><!-- .forums-directory -->\r\n\r\n\r\n\r\n\n\t\n\t\n<\/div>\n\n\n\n\n<div class=\"wp-block-image escargot-glisse\"><figure class=\"aligncenter size-medium\"><img decoding=\"async\" src=\"http:\/\/localicoco.fr\/agora\/wp-content\/uploads\/2021\/07\/cropped-Localicoco-300x219.png\" alt=\"\" class=\"wp-image-146\"\/><\/figure><\/div>\n\n\n\n<p><\/p>\n","protected":false},"excerpt":{"rendered":"<p>Ce forum est r\u00e9serv\u00e9 aux adh\u00e9rents. Votre inscription ne sera valid\u00e9e que si vous avez au pr\u00e9alable adh\u00e9r\u00e9 \u00e0 notre association. Nous aimons les rencontres \ud83d\ude42\u00a0. En g\u00e9n\u00e9ral pour vous inscrire, il faudra venir \u00e0 un de nos \u00e9v\u00e9nements. Sur demande particuli\u00e8re nous pouvons le faire \u00e0 distance. Vous pouvez nous \u00e9crire \u00e0 :\u00a0localicoco@hogamail.fr Si [&hellip;]<\/p>\n","protected":false},"author":3,"featured_media":0,"parent":0,"menu_order":0,"comment_status":"closed","ping_status":"closed","template":"","meta":{"_bbp_topic_count":0,"_bbp_reply_count":0,"_bbp_total_topic_count":0,"_bbp_total_reply_count":0,"_bbp_voice_count":0,"_bbp_anonymous_reply_count":0,"_bbp_topic_count_hidden":0,"_bbp_reply_count_hidden":0,"_bbp_forum_subforum_count":0,"footnotes":""},"class_list":["post-809","page","type-page","status-publish","hentry","entry"],"_links":{"self":[{"href":"http:\/\/localicoco.fr\/agora\/wp-json\/wp\/v2\/pages\/809","targetHints":{"allow":["GET"]}}],"collection":[{"href":"http:\/\/localicoco.fr\/agora\/wp-json\/wp\/v2\/pages"}],"about":[{"href":"http:\/\/localicoco.fr\/agora\/wp-json\/wp\/v2\/types\/page"}],"author":[{"embeddable":true,"href":"http:\/\/localicoco.fr\/agora\/wp-json\/wp\/v2\/users\/3"}],"replies":[{"embeddable":true,"href":"http:\/\/localicoco.fr\/agora\/wp-json\/wp\/v2\/comments?post=809"}],"version-history":[{"count":147,"href":"http:\/\/localicoco.fr\/agora\/wp-json\/wp\/v2\/pages\/809\/revisions"}],"predecessor-version":[{"id":1861,"href":"http:\/\/localicoco.fr\/agora\/wp-json\/wp\/v2\/pages\/809\/revisions\/1861"}],"wp:attachment":[{"href":"http:\/\/localicoco.fr\/agora\/wp-json\/wp\/v2\/media?parent=809"}],"curies":[{"name":"wp","href":"https:\/\/api.w.org\/{rel}","templated":true}]}}